{"id":11,"date":"2023-04-13T20:44:04","date_gmt":"2023-04-13T20:44:04","guid":{"rendered":"https:\/\/querandi.com.ar\/menu\/?page_id=11"},"modified":"2025-06-11T12:01:28","modified_gmt":"2025-06-11T15:01:28","slug":"portuguese","status":"publish","type":"page","link":"https:\/\/querandi.com.ar\/menu\/portuguese\/","title":{"rendered":"Portuguese"},"content":{"rendered":"\t\t<div data-elementor-type=\"wp-page\" data-elementor-id=\"11\" class=\"elementor elementor-11\" data-elementor-post-type=\"page\">\n\t\t\t\t<section class=\"elementor-element elementor-element-7baff27 e-flex e-con-boxed e-con e-parent\" data-id=\"7baff27\" data-element_type=\"container\" data-e-type=\"container\" data-settings=\"{&quot;background_background&quot;:&quot;classic&quot;}\">\n\t\t\t\t\t<div class=\"e-con-inner\">\n\t\t\t\t<div class=\"elementor-element elementor-element-fde1568 elementor-widget elementor-widget-image\" data-id=\"fde1568\" data-element_type=\"widget\" data-e-type=\"widget\" data-widget_type=\"image.default\">\n\t\t\t\t\t\t\t\t\t\t\t\t\t\t\t\t<a href=\"https:\/\/querandi.com.ar\/menu\/\">\n\t\t\t\t\t\t\t<img fetchpriority=\"high\" decoding=\"async\" width=\"598\" height=\"318\" src=\"https:\/\/querandi.com.ar\/menu\/wp-content\/uploads\/2023\/07\/logo-c.png\" class=\"attachment-full size-full wp-image-1310\" alt=\"\" srcset=\"https:\/\/querandi.com.ar\/menu\/wp-content\/uploads\/2023\/07\/logo-c.png 598w, https:\/\/querandi.com.ar\/menu\/wp-content\/uploads\/2023\/07\/logo-c-300x160.png 300w\" sizes=\"(max-width: 598px) 100vw, 598px\" \/>\t\t\t\t\t\t\t\t<\/a>\n\t\t\t\t\t\t\t\t\t\t\t\t\t\t\t<\/div>\n\t\t\t\t<div class=\"elementor-element elementor-element-4642a23 elementor-widget-divider--view-line elementor-widget elementor-widget-divider\" data-id=\"4642a23\" data-element_type=\"widget\" data-e-type=\"widget\" data-widget_type=\"divider.default\">\n\t\t\t\t\t\t\t<div class=\"elementor-divider\">\n\t\t\t<span class=\"elementor-divider-separator\">\n\t\t\t\t\t\t<\/span>\n\t\t<\/div>\n\t\t\t\t\t\t<\/div>\n\t\t\t\t\t<\/div>\n\t\t\t\t<\/section>\n\t\t<div class=\"elementor-element elementor-element-c38eb4a e-flex e-con-boxed e-con e-parent\" data-id=\"c38eb4a\" data-element_type=\"container\" data-e-type=\"container\">\n\t\t\t\t\t<div class=\"e-con-inner\">\n\t\t<div class=\"elementor-element elementor-element-dfdea2a e-con-full e-flex e-con e-child\" data-id=\"dfdea2a\" data-element_type=\"container\" data-e-type=\"container\">\n\t\t\t\t<div class=\"elementor-element elementor-element-8a51293 elementor-widget elementor-widget-heading\" data-id=\"8a51293\" data-element_type=\"widget\" data-e-type=\"widget\" data-widget_type=\"heading.default\">\n\t\t\t\t\t<h2 class=\"elementor-heading-title elementor-size-default\">Nosso Card\u00e1pio<\/h2>\t\t\t\t<\/div>\n\t\t\t\t<div class=\"elementor-element elementor-element-54724cb elementor-widget elementor-widget-heading\" data-id=\"54724cb\" data-element_type=\"widget\" data-e-type=\"widget\" data-widget_type=\"heading.default\">\n\t\t\t\t\t<h4 class=\"elementor-heading-title elementor-size-default\">Menu \u00e0 la carte de tr\u00eas pratos. Com mais de 20 pratos \u00e0 escolha entre entradas quentes e frias, pratos principais y sobremesas.<\/h4>\t\t\t\t<\/div>\n\t\t\t\t<div class=\"elementor-element elementor-element-ab9d810 elementor-widget elementor-widget-heading\" data-id=\"ab9d810\" data-element_type=\"widget\" data-e-type=\"widget\" data-widget_type=\"heading.default\">\n\t\t\t\t\t<h4 class=\"elementor-heading-title elementor-size-default\">Escolha uma entrada, prato principal e sobremesa.<\/h4>\t\t\t\t<\/div>\n\t\t\t\t<div class=\"elementor-element elementor-element-b8c55fc elementor-widget-divider--view-line elementor-widget elementor-widget-divider\" data-id=\"b8c55fc\" data-element_type=\"widget\" data-e-type=\"widget\" data-widget_type=\"divider.default\">\n\t\t\t\t\t\t\t<div class=\"elementor-divider\">\n\t\t\t<span class=\"elementor-divider-separator\">\n\t\t\t\t\t\t<\/span>\n\t\t<\/div>\n\t\t\t\t\t\t<\/div>\n\t\t\t\t<\/div>\n\t\t<div class=\"elementor-element elementor-element-945a40f e-flex e-con-boxed e-con e-child\" data-id=\"945a40f\" data-element_type=\"container\" data-e-type=\"container\">\n\t\t\t\t\t<div class=\"e-con-inner\">\n\t\t<div class=\"elementor-element elementor-element-b301c41 e-con-full e-flex e-con e-child\" data-id=\"b301c41\" data-element_type=\"container\" data-e-type=\"container\">\n\t\t\t\t<div class=\"elementor-element elementor-element-9fb807e elementor-widget elementor-widget-image\" data-id=\"9fb807e\" data-element_type=\"widget\" data-e-type=\"widget\" data-widget_type=\"image.default\">\n\t\t\t\t\t\t\t\t\t\t\t\t\t\t\t<img decoding=\"async\" width=\"500\" height=\"500\" src=\"https:\/\/querandi.com.ar\/menu\/wp-content\/uploads\/2023\/07\/entradas.jpg\" class=\"attachment-large size-large wp-image-1302\" alt=\"\" srcset=\"https:\/\/querandi.com.ar\/menu\/wp-content\/uploads\/2023\/07\/entradas.jpg 500w, https:\/\/querandi.com.ar\/menu\/wp-content\/uploads\/2023\/07\/entradas-300x300.jpg 300w, https:\/\/querandi.com.ar\/menu\/wp-content\/uploads\/2023\/07\/entradas-150x150.jpg 150w\" sizes=\"(max-width: 500px) 100vw, 500px\" \/>\t\t\t\t\t\t\t\t\t\t\t\t\t\t\t<\/div>\n\t\t\t\t<div class=\"elementor-element elementor-element-dfb53d2 elementor-widget elementor-widget-heading\" data-id=\"dfb53d2\" data-element_type=\"widget\" data-e-type=\"widget\" data-widget_type=\"heading.default\">\n\t\t\t\t\t<h2 class=\"elementor-heading-title elementor-size-default\">Entradas<\/h2>\t\t\t\t<\/div>\n\t\t\t\t<div class=\"elementor-element elementor-element-0ab51c5 elementor-widget elementor-widget-heading\" data-id=\"0ab51c5\" data-element_type=\"widget\" data-e-type=\"widget\" data-widget_type=\"heading.default\">\n\t\t\t\t\t<h3 class=\"elementor-heading-title elementor-size-default\">Frias e Quentes<\/h3>\t\t\t\t<\/div>\n\t\t\t\t<div class=\"elementor-element elementor-element-c0935a6 elementor-widget-divider--view-line_icon elementor-widget-divider--element-align-right elementor-view-default elementor-widget elementor-widget-divider\" data-id=\"c0935a6\" data-element_type=\"widget\" data-e-type=\"widget\" data-widget_type=\"divider.default\">\n\t\t\t\t\t\t\t<div class=\"elementor-divider\">\n\t\t\t<span class=\"elementor-divider-separator\">\n\t\t\t\t\t\t\t<div class=\"elementor-icon elementor-divider__element\">\n\t\t\t\t\t<i aria-hidden=\"true\" class=\"far fa-dot-circle\"><\/i><\/div>\n\t\t\t\t\t\t<\/span>\n\t\t<\/div>\n\t\t\t\t\t\t<\/div>\n\t\t\t\t<\/div>\n\t\t<div class=\"elementor-element elementor-element-046916f e-con-full e-flex e-con e-child\" data-id=\"046916f\" data-element_type=\"container\" data-e-type=\"container\">\n\t\t\t\t<div class=\"elementor-element elementor-element-17f215f elementor-widget elementor-widget-text-editor\" data-id=\"17f215f\" data-element_type=\"widget\" data-e-type=\"widget\" data-widget_type=\"text-editor.default\">\n\t\t\t\t\t\t\t\t\t<h5>Antepastos argentinos<\/h5><p>Queijo tybo, gruy\u00e8re, salame, salame, pat\u00ea, bondiola, azeitonas, beringelas em conserva.<\/p><h5 class=\"sgl\" title=\"Sem Gl\u00faten\">Salada San Telmo<\/h5><p>Folhas verdes, queijos argentinos, tomates cerejas cristalizadas, sementes tostadas, azeitonas.<\/p><h5>Empanadas Fritas<\/h5><p>De carne e frango.<\/p><h5 class=\"sgl\" title=\"Sem Gl\u00faten\">Sopa creme de ab\u00f3bora<\/h5><h5>Mussarela milanesa<\/h5><p>Ao molho pomodoro.<\/p>\t\t\t\t\t\t\t\t<\/div>\n\t\t\t\t<div class=\"elementor-element elementor-element-8de14dd elementor-widget-divider--view-line_icon elementor-widget-divider--element-align-left elementor-view-default elementor-widget elementor-widget-divider\" data-id=\"8de14dd\" data-element_type=\"widget\" data-e-type=\"widget\" data-widget_type=\"divider.default\">\n\t\t\t\t\t\t\t<div class=\"elementor-divider\">\n\t\t\t<span class=\"elementor-divider-separator\">\n\t\t\t\t\t\t\t<div class=\"elementor-icon elementor-divider__element\">\n\t\t\t\t\t<i aria-hidden=\"true\" class=\"far fa-dot-circle\"><\/i><\/div>\n\t\t\t\t\t\t<\/span>\n\t\t<\/div>\n\t\t\t\t\t\t<\/div>\n\t\t\t\t<\/div>\n\t\t\t\t\t<\/div>\n\t\t\t\t<\/div>\n\t\t<div class=\"elementor-element elementor-element-70f38ba e-flex e-con-boxed e-con e-child\" data-id=\"70f38ba\" data-element_type=\"container\" data-e-type=\"container\">\n\t\t\t\t\t<div class=\"e-con-inner\">\n\t\t<div class=\"elementor-element elementor-element-d69f05c e-con-full e-flex e-con e-child\" data-id=\"d69f05c\" data-element_type=\"container\" data-e-type=\"container\">\n\t\t\t\t<div class=\"elementor-element elementor-element-5733b09 elementor-widget elementor-widget-image\" data-id=\"5733b09\" data-element_type=\"widget\" data-e-type=\"widget\" data-widget_type=\"image.default\">\n\t\t\t\t\t\t\t\t\t\t\t\t\t\t\t<img decoding=\"async\" width=\"500\" height=\"500\" src=\"https:\/\/querandi.com.ar\/menu\/wp-content\/uploads\/2023\/07\/platos.jpg\" class=\"attachment-large size-large wp-image-1303\" alt=\"\" srcset=\"https:\/\/querandi.com.ar\/menu\/wp-content\/uploads\/2023\/07\/platos.jpg 500w, https:\/\/querandi.com.ar\/menu\/wp-content\/uploads\/2023\/07\/platos-300x300.jpg 300w, https:\/\/querandi.com.ar\/menu\/wp-content\/uploads\/2023\/07\/platos-150x150.jpg 150w\" sizes=\"(max-width: 500px) 100vw, 500px\" \/>\t\t\t\t\t\t\t\t\t\t\t\t\t\t\t<\/div>\n\t\t\t\t<div class=\"elementor-element elementor-element-5e3a03d elementor-widget elementor-widget-heading\" data-id=\"5e3a03d\" data-element_type=\"widget\" data-e-type=\"widget\" data-widget_type=\"heading.default\">\n\t\t\t\t\t<h2 class=\"elementor-heading-title elementor-size-default\">Pratos Principais<\/h2>\t\t\t\t<\/div>\n\t\t\t\t<div class=\"elementor-element elementor-element-c0ccddc elementor-widget-divider--view-line_icon elementor-widget-divider--element-align-right elementor-view-default elementor-widget elementor-widget-divider\" data-id=\"c0ccddc\" data-element_type=\"widget\" data-e-type=\"widget\" data-widget_type=\"divider.default\">\n\t\t\t\t\t\t\t<div class=\"elementor-divider\">\n\t\t\t<span class=\"elementor-divider-separator\">\n\t\t\t\t\t\t\t<div class=\"elementor-icon elementor-divider__element\">\n\t\t\t\t\t<i aria-hidden=\"true\" class=\"far fa-dot-circle\"><\/i><\/div>\n\t\t\t\t\t\t<\/span>\n\t\t<\/div>\n\t\t\t\t\t\t<\/div>\n\t\t\t\t<\/div>\n\t\t<div class=\"elementor-element elementor-element-f80f9dd e-con-full e-flex e-con e-child\" data-id=\"f80f9dd\" data-element_type=\"container\" data-e-type=\"container\">\n\t\t\t\t<div class=\"elementor-element elementor-element-557ae4a elementor-widget elementor-widget-text-editor\" data-id=\"557ae4a\" data-element_type=\"widget\" data-e-type=\"widget\" data-widget_type=\"text-editor.default\">\n\t\t\t\t\t\t\t\t\t<h4>Massa e Risoto<\/h4><h5>Crepes de espinafre ao molho de champignon<\/h5><p>Molho cremoso.<\/p><h5 class=\"sgl\" title=\"Sem Gl\u00faten\">Risoto de cogumelo<\/h5><p>Arroz carnaroli, queijo parmes\u00e3o, cogumelos, creme, manteiga.<\/p><h4>Peixe<\/h4><h5 class=\"sgl\" title=\"Sem Gl\u00faten\">Peixe argentino com lim\u00f5es assados<\/h5><p>Com legumes crocantes.<\/p><h4>Frango<\/h4><h5 class=\"sgl\" title=\"Sem Gl\u00faten\">Peito de frango dijon<\/h5><p>Com batatas cremosas.<\/p><h4>Carnes<\/h4><h5>Carne de vaca<\/h5><p>(cozido no forno josper)<\/p><h5 class=\"sgl\" title=\"Sem Gl\u00faten\">Bife de Chouri\u00e7o tradicional crioulo<\/h5><p>Com rescold vegetal.<\/p><h5>Chorip\u00e1n<\/h5><p>(Tradicional Argentina)<\/p><h5 class=\"sgl\" title=\"Sem Gl\u00faten\">Bolo de batata t\u00edpico argentino<\/h5><p>Batata, lombo e cogumelos, parmes\u00e3o, cebola e piment\u00e3o.<\/p><h5>Cordeiro e porco<\/h5><p>(cozido no forno josper)<\/p><h5 class=\"sgl\" title=\"Sem Gl\u00faten\">Ca\u00e7arola de cordeiro patag\u00f4nico e cogumelos<\/h5><p>Tomate, cenoura, beringela, cebola, piment\u00e3o e batatas espanholas.<\/p><h5 class=\"sgl\" title=\"Sem Gl\u00faten\">Carne su\u00edna ao verdeo<\/h5><p>Com creme, verde, arroz pilaf.<\/p>\t\t\t\t\t\t\t\t<\/div>\n\t\t\t\t<div class=\"elementor-element elementor-element-6922f92 elementor-widget-divider--view-line_icon elementor-widget-divider--element-align-left elementor-view-default elementor-widget elementor-widget-divider\" data-id=\"6922f92\" data-element_type=\"widget\" data-e-type=\"widget\" data-widget_type=\"divider.default\">\n\t\t\t\t\t\t\t<div class=\"elementor-divider\">\n\t\t\t<span class=\"elementor-divider-separator\">\n\t\t\t\t\t\t\t<div class=\"elementor-icon elementor-divider__element\">\n\t\t\t\t\t<i aria-hidden=\"true\" class=\"far fa-dot-circle\"><\/i><\/div>\n\t\t\t\t\t\t<\/span>\n\t\t<\/div>\n\t\t\t\t\t\t<\/div>\n\t\t\t\t<\/div>\n\t\t\t\t\t<\/div>\n\t\t\t\t<\/div>\n\t\t<div class=\"elementor-element elementor-element-6e2af2a e-flex e-con-boxed e-con e-child\" data-id=\"6e2af2a\" data-element_type=\"container\" data-e-type=\"container\">\n\t\t\t\t\t<div class=\"e-con-inner\">\n\t\t<div class=\"elementor-element elementor-element-1a553c6 e-con-full e-flex e-con e-child\" data-id=\"1a553c6\" data-element_type=\"container\" data-e-type=\"container\">\n\t\t\t\t<div class=\"elementor-element elementor-element-0a52a37 elementor-widget elementor-widget-image\" data-id=\"0a52a37\" data-element_type=\"widget\" data-e-type=\"widget\" data-widget_type=\"image.default\">\n\t\t\t\t\t\t\t\t\t\t\t\t\t\t\t<img loading=\"lazy\" decoding=\"async\" width=\"500\" height=\"500\" src=\"https:\/\/querandi.com.ar\/menu\/wp-content\/uploads\/2023\/07\/postres.jpg\" class=\"attachment-large size-large wp-image-1304\" alt=\"\" srcset=\"https:\/\/querandi.com.ar\/menu\/wp-content\/uploads\/2023\/07\/postres.jpg 500w, https:\/\/querandi.com.ar\/menu\/wp-content\/uploads\/2023\/07\/postres-300x300.jpg 300w, https:\/\/querandi.com.ar\/menu\/wp-content\/uploads\/2023\/07\/postres-150x150.jpg 150w\" sizes=\"(max-width: 500px) 100vw, 500px\" \/>\t\t\t\t\t\t\t\t\t\t\t\t\t\t\t<\/div>\n\t\t\t\t<div class=\"elementor-element elementor-element-22e155e elementor-widget elementor-widget-heading\" data-id=\"22e155e\" data-element_type=\"widget\" data-e-type=\"widget\" data-widget_type=\"heading.default\">\n\t\t\t\t\t<h2 class=\"elementor-heading-title elementor-size-default\">Sobremesa Caseira<\/h2>\t\t\t\t<\/div>\n\t\t\t\t<div class=\"elementor-element elementor-element-a2c6cd5 elementor-widget-divider--view-line_icon elementor-widget-divider--element-align-right elementor-view-default elementor-widget elementor-widget-divider\" data-id=\"a2c6cd5\" data-element_type=\"widget\" data-e-type=\"widget\" data-widget_type=\"divider.default\">\n\t\t\t\t\t\t\t<div class=\"elementor-divider\">\n\t\t\t<span class=\"elementor-divider-separator\">\n\t\t\t\t\t\t\t<div class=\"elementor-icon elementor-divider__element\">\n\t\t\t\t\t<i aria-hidden=\"true\" class=\"far fa-dot-circle\"><\/i><\/div>\n\t\t\t\t\t\t<\/span>\n\t\t<\/div>\n\t\t\t\t\t\t<\/div>\n\t\t\t\t<\/div>\n\t\t<div class=\"elementor-element elementor-element-532492f e-con-full e-flex e-con e-child\" data-id=\"532492f\" data-element_type=\"container\" data-e-type=\"container\">\n\t\t\t\t<div class=\"elementor-element elementor-element-e55a365 elementor-widget elementor-widget-text-editor\" data-id=\"e55a365\" data-element_type=\"widget\" data-e-type=\"widget\" data-widget_type=\"text-editor.default\">\n\t\t\t\t\t\t\t\t\t<h5 class=\"sgl\" title=\"Sem Gl\u00faten\">Flan<\/h5><p>Com doce de leite ou creme.<\/p><h5 class=\"sgl\" title=\"Sem Gl\u00faten\">Vigilante<\/h5><p>(Tradicional Argentina)<br \/>Marmelo doce, batata doce, requeij\u00e3o cremoso.<\/p><h5>Bolo de chocolate<\/h5><p>(Tradicional Argentina)<\/p><h5>Panquecas<\/h5><p>Doce de leite quente.<\/p><h5 class=\"sgl\" title=\"Sem Gl\u00faten\">Sorvetes<\/h5><p>(creme, baunilha, morango, chocolate, lim\u00e3o, doce de leite).<\/p><h5 class=\"sgl\" title=\"Sem Gl\u00faten\">Arroz com leite<\/h5><p>Raspas de lim\u00e3o, canela.<\/p>\t\t\t\t\t\t\t\t<\/div>\n\t\t\t\t<div class=\"elementor-element elementor-element-133bca7 elementor-widget-divider--view-line_icon elementor-widget-divider--element-align-left elementor-view-default elementor-widget elementor-widget-divider\" data-id=\"133bca7\" data-element_type=\"widget\" data-e-type=\"widget\" data-widget_type=\"divider.default\">\n\t\t\t\t\t\t\t<div class=\"elementor-divider\">\n\t\t\t<span class=\"elementor-divider-separator\">\n\t\t\t\t\t\t\t<div class=\"elementor-icon elementor-divider__element\">\n\t\t\t\t\t<i aria-hidden=\"true\" class=\"far fa-dot-circle\"><\/i><\/div>\n\t\t\t\t\t\t<\/span>\n\t\t<\/div>\n\t\t\t\t\t\t<\/div>\n\t\t\t\t<\/div>\n\t\t\t\t\t<\/div>\n\t\t\t\t<\/div>\n\t\t\t\t\t<\/div>\n\t\t\t\t<\/div>\n\t\t\t\t<\/div>\n\t\t","protected":false},"excerpt":{"rendered":"<p>Nosso Card\u00e1pio Menu \u00e0 la carte de tr\u00eas pratos. Com mais de 20 pratos \u00e0 escolha entre entradas quentes e frias, pratos principais y sobremesas. Escolha uma entrada, prato principal e sobremesa. Entradas Frias e Quentes Antepastos argentinos Queijo tybo, gruy\u00e8re, salame, salame, pat\u00ea, bondiola, azeitonas, beringelas em conserva. Salada San Telmo Folhas verdes, queijos [&hellip;]<\/p>\n","protected":false},"author":1,"featured_media":0,"parent":0,"menu_order":0,"comment_status":"closed","ping_status":"closed","template":"","meta":{"site-sidebar-layout":"no-sidebar","site-content-layout":"page-builder","ast-site-content-layout":"","site-content-style":"default","site-sidebar-style":"default","ast-global-header-display":"","ast-banner-title-visibility":"","ast-main-header-display":"","ast-hfb-above-header-display":"","ast-hfb-below-header-display":"","ast-hfb-mobile-header-display":"","site-post-title":"disabled","ast-breadcrumbs-content":"","ast-featured-img":"disabled","footer-sml-layout":"","theme-transparent-header-meta":"","adv-header-id-meta":"","stick-header-meta":"","header-above-stick-meta":"","header-main-stick-meta":"","header-below-stick-meta":"","astra-migrate-meta-layouts":"default","ast-page-background-enabled":"default","ast-page-background-meta":{"desktop":{"background-color":"var(--ast-global-color-4)","background-image":"","background-repeat":"repeat","background-position":"center center","background-size":"auto","background-attachment":"scroll","background-type":"","background-media":"","overlay-type":"","overlay-color":"","overlay-opacity":"","overlay-gradient":""},"tablet":{"background-color":"","background-image":"","background-repeat":"repeat","background-position":"center center","background-size":"auto","background-attachment":"scroll","background-type":"","background-media":"","overlay-type":"","overlay-color":"","overlay-opacity":"","overlay-gradient":""},"mobile":{"background-color":"","background-image":"","background-repeat":"repeat","background-position":"center center","background-size":"auto","background-attachment":"scroll","background-type":"","background-media":"","overlay-type":"","overlay-color":"","overlay-opacity":"","overlay-gradient":""}},"ast-content-background-meta":{"desktop":{"background-color":"var(--ast-global-color-5)","background-image":"","background-repeat":"repeat","background-position":"center center","background-size":"auto","background-attachment":"scroll","background-type":"","background-media":"","overlay-type":"","overlay-color":"","overlay-opacity":"","overlay-gradient":""},"tablet":{"background-color":"var(--ast-global-color-5)","background-image":"","background-repeat":"repeat","background-position":"center center","background-size":"auto","background-attachment":"scroll","background-type":"","background-media":"","overlay-type":"","overlay-color":"","overlay-opacity":"","overlay-gradient":""},"mobile":{"background-color":"var(--ast-global-color-5)","background-image":"","background-repeat":"repeat","background-position":"center center","background-size":"auto","background-attachment":"scroll","background-type":"","background-media":"","overlay-type":"","overlay-color":"","overlay-opacity":"","overlay-gradient":""}},"footnotes":""},"class_list":["post-11","page","type-page","status-publish","hentry"],"_links":{"self":[{"href":"https:\/\/querandi.com.ar\/menu\/wp-json\/wp\/v2\/pages\/11","targetHints":{"allow":["GET"]}}],"collection":[{"href":"https:\/\/querandi.com.ar\/menu\/wp-json\/wp\/v2\/pages"}],"about":[{"href":"https:\/\/querandi.com.ar\/menu\/wp-json\/wp\/v2\/types\/page"}],"author":[{"embeddable":true,"href":"https:\/\/querandi.com.ar\/menu\/wp-json\/wp\/v2\/users\/1"}],"replies":[{"embeddable":true,"href":"https:\/\/querandi.com.ar\/menu\/wp-json\/wp\/v2\/comments?post=11"}],"version-history":[{"count":166,"href":"https:\/\/querandi.com.ar\/menu\/wp-json\/wp\/v2\/pages\/11\/revisions"}],"predecessor-version":[{"id":1438,"href":"https:\/\/querandi.com.ar\/menu\/wp-json\/wp\/v2\/pages\/11\/revisions\/1438"}],"wp:attachment":[{"href":"https:\/\/querandi.com.ar\/menu\/wp-json\/wp\/v2\/media?parent=11"}],"curies":[{"name":"wp","href":"https:\/\/api.w.org\/{rel}","templated":true}]}}