{"id":12,"date":"2023-04-13T20:44:04","date_gmt":"2023-04-13T20:44:04","guid":{"rendered":"https:\/\/querandi.com.ar\/menu\/?page_id=12"},"modified":"2025-06-11T12:09:45","modified_gmt":"2025-06-11T15:09:45","slug":"french","status":"publish","type":"page","link":"https:\/\/querandi.com.ar\/menu\/french\/","title":{"rendered":"French"},"content":{"rendered":"\t\t<div data-elementor-type=\"wp-page\" data-elementor-id=\"12\" class=\"elementor elementor-12\" data-elementor-post-type=\"page\">\n\t\t\t\t<section class=\"elementor-element elementor-element-62a16de e-flex e-con-boxed e-con e-parent\" data-id=\"62a16de\" data-element_type=\"container\" data-e-type=\"container\" data-settings=\"{&quot;background_background&quot;:&quot;classic&quot;}\">\n\t\t\t\t\t<div class=\"e-con-inner\">\n\t\t\t\t<div class=\"elementor-element elementor-element-4cafdb3 elementor-widget elementor-widget-image\" data-id=\"4cafdb3\" data-element_type=\"widget\" data-e-type=\"widget\" data-widget_type=\"image.default\">\n\t\t\t\t\t\t\t\t\t\t\t\t\t\t\t\t<a href=\"https:\/\/querandi.com.ar\/menu\/\">\n\t\t\t\t\t\t\t<img fetchpriority=\"high\" decoding=\"async\" width=\"598\" height=\"318\" src=\"https:\/\/querandi.com.ar\/menu\/wp-content\/uploads\/2023\/07\/logo-c.png\" class=\"attachment-full size-full wp-image-1310\" alt=\"\" srcset=\"https:\/\/querandi.com.ar\/menu\/wp-content\/uploads\/2023\/07\/logo-c.png 598w, https:\/\/querandi.com.ar\/menu\/wp-content\/uploads\/2023\/07\/logo-c-300x160.png 300w\" sizes=\"(max-width: 598px) 100vw, 598px\" \/>\t\t\t\t\t\t\t\t<\/a>\n\t\t\t\t\t\t\t\t\t\t\t\t\t\t\t<\/div>\n\t\t\t\t<div class=\"elementor-element elementor-element-ededab7 elementor-widget-divider--view-line elementor-widget elementor-widget-divider\" data-id=\"ededab7\" data-element_type=\"widget\" data-e-type=\"widget\" data-widget_type=\"divider.default\">\n\t\t\t\t\t\t\t<div class=\"elementor-divider\">\n\t\t\t<span class=\"elementor-divider-separator\">\n\t\t\t\t\t\t<\/span>\n\t\t<\/div>\n\t\t\t\t\t\t<\/div>\n\t\t\t\t\t<\/div>\n\t\t\t\t<\/section>\n\t\t<div class=\"elementor-element elementor-element-35b4bc4 e-flex e-con-boxed e-con e-parent\" data-id=\"35b4bc4\" data-element_type=\"container\" data-e-type=\"container\">\n\t\t\t\t\t<div class=\"e-con-inner\">\n\t\t<div class=\"elementor-element elementor-element-bef632d e-con-full e-flex e-con e-child\" data-id=\"bef632d\" data-element_type=\"container\" data-e-type=\"container\">\n\t\t\t\t<div class=\"elementor-element elementor-element-edf5466 elementor-widget elementor-widget-heading\" data-id=\"edf5466\" data-element_type=\"widget\" data-e-type=\"widget\" data-widget_type=\"heading.default\">\n\t\t\t\t\t<h2 class=\"elementor-heading-title elementor-size-default\">Notre carte<\/h2>\t\t\t\t<\/div>\n\t\t\t\t<div class=\"elementor-element elementor-element-a2468bd elementor-widget elementor-widget-heading\" data-id=\"a2468bd\" data-element_type=\"widget\" data-e-type=\"widget\" data-widget_type=\"heading.default\">\n\t\t\t\t\t<h4 class=\"elementor-heading-title elementor-size-default\">Menu \u00e0 la carte en trois \u00e9tapes. Avec plus de 20 plats au choix entre entr\u00e9es chaudes et froides, plats principaux, desserts.<\/h4>\t\t\t\t<\/div>\n\t\t\t\t<div class=\"elementor-element elementor-element-8068cd8 elementor-widget elementor-widget-heading\" data-id=\"8068cd8\" data-element_type=\"widget\" data-e-type=\"widget\" data-widget_type=\"heading.default\">\n\t\t\t\t\t<h4 class=\"elementor-heading-title elementor-size-default\">Choisissez une entr\u00e9e, un plat principal et un dessert.<\/h4>\t\t\t\t<\/div>\n\t\t\t\t<div class=\"elementor-element elementor-element-f1d5b77 elementor-widget-divider--view-line elementor-widget elementor-widget-divider\" data-id=\"f1d5b77\" data-element_type=\"widget\" data-e-type=\"widget\" data-widget_type=\"divider.default\">\n\t\t\t\t\t\t\t<div class=\"elementor-divider\">\n\t\t\t<span class=\"elementor-divider-separator\">\n\t\t\t\t\t\t<\/span>\n\t\t<\/div>\n\t\t\t\t\t\t<\/div>\n\t\t\t\t<\/div>\n\t\t<div class=\"elementor-element elementor-element-ccc9e83 e-flex e-con-boxed e-con e-child\" data-id=\"ccc9e83\" data-element_type=\"container\" data-e-type=\"container\">\n\t\t\t\t\t<div class=\"e-con-inner\">\n\t\t<div class=\"elementor-element elementor-element-948668d e-con-full e-flex e-con e-child\" data-id=\"948668d\" data-element_type=\"container\" data-e-type=\"container\">\n\t\t\t\t<div class=\"elementor-element elementor-element-72529e2 elementor-widget elementor-widget-image\" data-id=\"72529e2\" data-element_type=\"widget\" data-e-type=\"widget\" data-widget_type=\"image.default\">\n\t\t\t\t\t\t\t\t\t\t\t\t\t\t\t<img decoding=\"async\" width=\"500\" height=\"500\" src=\"https:\/\/querandi.com.ar\/menu\/wp-content\/uploads\/2023\/07\/entradas.jpg\" class=\"attachment-large size-large wp-image-1302\" alt=\"\" srcset=\"https:\/\/querandi.com.ar\/menu\/wp-content\/uploads\/2023\/07\/entradas.jpg 500w, https:\/\/querandi.com.ar\/menu\/wp-content\/uploads\/2023\/07\/entradas-300x300.jpg 300w, https:\/\/querandi.com.ar\/menu\/wp-content\/uploads\/2023\/07\/entradas-150x150.jpg 150w\" sizes=\"(max-width: 500px) 100vw, 500px\" \/>\t\t\t\t\t\t\t\t\t\t\t\t\t\t\t<\/div>\n\t\t\t\t<div class=\"elementor-element elementor-element-5b442fa elementor-widget elementor-widget-heading\" data-id=\"5b442fa\" data-element_type=\"widget\" data-e-type=\"widget\" data-widget_type=\"heading.default\">\n\t\t\t\t\t<h2 class=\"elementor-heading-title elementor-size-default\">Entr\u00e9es<\/h2>\t\t\t\t<\/div>\n\t\t\t\t<div class=\"elementor-element elementor-element-fa95aae elementor-widget elementor-widget-heading\" data-id=\"fa95aae\" data-element_type=\"widget\" data-e-type=\"widget\" data-widget_type=\"heading.default\">\n\t\t\t\t\t<h3 class=\"elementor-heading-title elementor-size-default\">Froides et chaudes<\/h3>\t\t\t\t<\/div>\n\t\t\t\t<div class=\"elementor-element elementor-element-adae70c elementor-widget-divider--view-line_icon elementor-widget-divider--element-align-right elementor-view-default elementor-widget elementor-widget-divider\" data-id=\"adae70c\" data-element_type=\"widget\" data-e-type=\"widget\" data-widget_type=\"divider.default\">\n\t\t\t\t\t\t\t<div class=\"elementor-divider\">\n\t\t\t<span class=\"elementor-divider-separator\">\n\t\t\t\t\t\t\t<div class=\"elementor-icon elementor-divider__element\">\n\t\t\t\t\t<i aria-hidden=\"true\" class=\"far fa-dot-circle\"><\/i><\/div>\n\t\t\t\t\t\t<\/span>\n\t\t<\/div>\n\t\t\t\t\t\t<\/div>\n\t\t\t\t<\/div>\n\t\t<div class=\"elementor-element elementor-element-3f1f326 e-con-full e-flex e-con e-child\" data-id=\"3f1f326\" data-element_type=\"container\" data-e-type=\"container\">\n\t\t\t\t<div class=\"elementor-element elementor-element-2ddc2b7 elementor-widget elementor-widget-text-editor\" data-id=\"2ddc2b7\" data-element_type=\"widget\" data-e-type=\"widget\" data-widget_type=\"text-editor.default\">\n\t\t\t\t\t\t\t\t\t<h5>Antipasto argentin<\/h5><p>Fromage Tybo, gruy\u00e8re, salami, salami, p\u00e2t\u00e9, bondiola, olives, aubergines marin\u00e9es.<\/p><h5 class=\"sgl\" title=\"Sans gluten\">Salade San Telmo<\/h5><p>Feuilles vertes, fromages argentins, tomates cerises confites, graines grill\u00e9es, olives.<\/p><h5>Empanadas cr\u00e9oles frites<\/h5><p>Coupe au couteau. B\u0153uf et poulet.<br \/>(traditionnel argentin)<\/p><h5 class=\"sgl\" title=\"Sans gluten\">Soupe \u00e0 la cr\u00e8me de potiron<\/h5><h5>Mozzarella milanaise<\/h5><p>A la sauce pomodoro.<\/p>\t\t\t\t\t\t\t\t<\/div>\n\t\t\t\t<div class=\"elementor-element elementor-element-a567e0d elementor-widget-divider--view-line_icon elementor-widget-divider--element-align-left elementor-view-default elementor-widget elementor-widget-divider\" data-id=\"a567e0d\" data-element_type=\"widget\" data-e-type=\"widget\" data-widget_type=\"divider.default\">\n\t\t\t\t\t\t\t<div class=\"elementor-divider\">\n\t\t\t<span class=\"elementor-divider-separator\">\n\t\t\t\t\t\t\t<div class=\"elementor-icon elementor-divider__element\">\n\t\t\t\t\t<i aria-hidden=\"true\" class=\"far fa-dot-circle\"><\/i><\/div>\n\t\t\t\t\t\t<\/span>\n\t\t<\/div>\n\t\t\t\t\t\t<\/div>\n\t\t\t\t<\/div>\n\t\t\t\t\t<\/div>\n\t\t\t\t<\/div>\n\t\t<div class=\"elementor-element elementor-element-b92e012 e-flex e-con-boxed e-con e-child\" data-id=\"b92e012\" data-element_type=\"container\" data-e-type=\"container\">\n\t\t\t\t\t<div class=\"e-con-inner\">\n\t\t<div class=\"elementor-element elementor-element-a4e9d21 e-con-full e-flex e-con e-child\" data-id=\"a4e9d21\" data-element_type=\"container\" data-e-type=\"container\">\n\t\t\t\t<div class=\"elementor-element elementor-element-7e59679 elementor-widget elementor-widget-image\" data-id=\"7e59679\" data-element_type=\"widget\" data-e-type=\"widget\" data-widget_type=\"image.default\">\n\t\t\t\t\t\t\t\t\t\t\t\t\t\t\t<img decoding=\"async\" width=\"500\" height=\"500\" src=\"https:\/\/querandi.com.ar\/menu\/wp-content\/uploads\/2023\/07\/platos.jpg\" class=\"attachment-large size-large wp-image-1303\" alt=\"\" srcset=\"https:\/\/querandi.com.ar\/menu\/wp-content\/uploads\/2023\/07\/platos.jpg 500w, https:\/\/querandi.com.ar\/menu\/wp-content\/uploads\/2023\/07\/platos-300x300.jpg 300w, https:\/\/querandi.com.ar\/menu\/wp-content\/uploads\/2023\/07\/platos-150x150.jpg 150w\" sizes=\"(max-width: 500px) 100vw, 500px\" \/>\t\t\t\t\t\t\t\t\t\t\t\t\t\t\t<\/div>\n\t\t\t\t<div class=\"elementor-element elementor-element-d0f7989 elementor-widget elementor-widget-heading\" data-id=\"d0f7989\" data-element_type=\"widget\" data-e-type=\"widget\" data-widget_type=\"heading.default\">\n\t\t\t\t\t<h2 class=\"elementor-heading-title elementor-size-default\">Plats principaux<\/h2>\t\t\t\t<\/div>\n\t\t\t\t<div class=\"elementor-element elementor-element-0582aa3 elementor-widget-divider--view-line_icon elementor-widget-divider--element-align-right elementor-view-default elementor-widget elementor-widget-divider\" data-id=\"0582aa3\" data-element_type=\"widget\" data-e-type=\"widget\" data-widget_type=\"divider.default\">\n\t\t\t\t\t\t\t<div class=\"elementor-divider\">\n\t\t\t<span class=\"elementor-divider-separator\">\n\t\t\t\t\t\t\t<div class=\"elementor-icon elementor-divider__element\">\n\t\t\t\t\t<i aria-hidden=\"true\" class=\"far fa-dot-circle\"><\/i><\/div>\n\t\t\t\t\t\t<\/span>\n\t\t<\/div>\n\t\t\t\t\t\t<\/div>\n\t\t\t\t<\/div>\n\t\t<div class=\"elementor-element elementor-element-05274f1 e-con-full e-flex e-con e-child\" data-id=\"05274f1\" data-element_type=\"container\" data-e-type=\"container\">\n\t\t\t\t<div class=\"elementor-element elementor-element-e1d164f elementor-widget elementor-widget-text-editor\" data-id=\"e1d164f\" data-element_type=\"widget\" data-e-type=\"widget\" data-widget_type=\"text-editor.default\">\n\t\t\t\t\t\t\t\t\t<h4>P\u00e2te et Risotto<\/h4><h5>Cr\u00eapes aux \u00e9pinards sauce au champignon<\/h5><p>\u00c0 la cr\u00e8me.<\/p><h5 class=\"sgl\" title=\"Sans gluten\">Risotto aux champignons<\/h5><p>Riz carnaroli, Parmesan, champignons, cr\u00e8me, beurre.<\/p><h4>Poisson<\/h4><h5 class=\"sgl\" title=\"Sans gluten\">Poisson argentin aux citrons r\u00f4tis<\/h5><p>Avec des l\u00e9gumes croquants.<\/p><h4>Des oiseaux<\/h4><h5 class=\"sgl\" title=\"Sans gluten\">Poitrine de poulet dijonnaise<\/h5><p>Avec des pommes de terre cr\u00e9meuses.<\/p><h4>Viande<\/h4><h5>Diriger<\/h5><p>(cuit au four Josper)<\/p><h5 class=\"sgl\" title=\"Sans gluten\">Steak de chorizo traditionnel cr\u00e9ole<\/h5><p>Avec l\u00e9gumes rescold.<\/p><h5>Chorip\u00e1n<\/h5><p>Avec frites.<br \/>(Argentin traditionnel)<\/p><h5 class=\"sgl\" title=\"Sans gluten\">G\u00e2teau de pommes de terre argentin typique<\/h5><p>Pomme de terre, longe et champignons, parmesan, oignon et poivron.<\/p><h5>Agneau et porc<\/h5><p>(cuit au four Josper)<\/p><h5 class=\"sgl\" title=\"Sans gluten\">Casserole d\u2019agneau et de champignons de patagonie<\/h5><p>Tomates, carottes, aubergines, oignons, poivron et pommes de terre espagnoles.<\/p><h5 class=\"sgl\" title=\"Sans gluten\">Abattoir de porc<\/h5><p>A la cr\u00e8me, vert, riz pilaf.<\/p>\t\t\t\t\t\t\t\t<\/div>\n\t\t\t\t<div class=\"elementor-element elementor-element-504909f elementor-widget-divider--view-line_icon elementor-widget-divider--element-align-left elementor-view-default elementor-widget elementor-widget-divider\" data-id=\"504909f\" data-element_type=\"widget\" data-e-type=\"widget\" data-widget_type=\"divider.default\">\n\t\t\t\t\t\t\t<div class=\"elementor-divider\">\n\t\t\t<span class=\"elementor-divider-separator\">\n\t\t\t\t\t\t\t<div class=\"elementor-icon elementor-divider__element\">\n\t\t\t\t\t<i aria-hidden=\"true\" class=\"far fa-dot-circle\"><\/i><\/div>\n\t\t\t\t\t\t<\/span>\n\t\t<\/div>\n\t\t\t\t\t\t<\/div>\n\t\t\t\t<\/div>\n\t\t\t\t\t<\/div>\n\t\t\t\t<\/div>\n\t\t<div class=\"elementor-element elementor-element-d23acea e-flex e-con-boxed e-con e-child\" data-id=\"d23acea\" data-element_type=\"container\" data-e-type=\"container\">\n\t\t\t\t\t<div class=\"e-con-inner\">\n\t\t<div class=\"elementor-element elementor-element-59a7b9b e-con-full e-flex e-con e-child\" data-id=\"59a7b9b\" data-element_type=\"container\" data-e-type=\"container\">\n\t\t\t\t<div class=\"elementor-element elementor-element-ac5b761 elementor-widget elementor-widget-image\" data-id=\"ac5b761\" data-element_type=\"widget\" data-e-type=\"widget\" data-widget_type=\"image.default\">\n\t\t\t\t\t\t\t\t\t\t\t\t\t\t\t<img loading=\"lazy\" decoding=\"async\" width=\"500\" height=\"500\" src=\"https:\/\/querandi.com.ar\/menu\/wp-content\/uploads\/2023\/07\/postres.jpg\" class=\"attachment-large size-large wp-image-1304\" alt=\"\" srcset=\"https:\/\/querandi.com.ar\/menu\/wp-content\/uploads\/2023\/07\/postres.jpg 500w, https:\/\/querandi.com.ar\/menu\/wp-content\/uploads\/2023\/07\/postres-300x300.jpg 300w, https:\/\/querandi.com.ar\/menu\/wp-content\/uploads\/2023\/07\/postres-150x150.jpg 150w\" sizes=\"(max-width: 500px) 100vw, 500px\" \/>\t\t\t\t\t\t\t\t\t\t\t\t\t\t\t<\/div>\n\t\t\t\t<div class=\"elementor-element elementor-element-1719b3b elementor-widget elementor-widget-heading\" data-id=\"1719b3b\" data-element_type=\"widget\" data-e-type=\"widget\" data-widget_type=\"heading.default\">\n\t\t\t\t\t<h2 class=\"elementor-heading-title elementor-size-default\">Desserts<\/h2>\t\t\t\t<\/div>\n\t\t\t\t<div class=\"elementor-element elementor-element-6edbdad elementor-widget-divider--view-line_icon elementor-widget-divider--element-align-right elementor-view-default elementor-widget elementor-widget-divider\" data-id=\"6edbdad\" data-element_type=\"widget\" data-e-type=\"widget\" data-widget_type=\"divider.default\">\n\t\t\t\t\t\t\t<div class=\"elementor-divider\">\n\t\t\t<span class=\"elementor-divider-separator\">\n\t\t\t\t\t\t\t<div class=\"elementor-icon elementor-divider__element\">\n\t\t\t\t\t<i aria-hidden=\"true\" class=\"far fa-dot-circle\"><\/i><\/div>\n\t\t\t\t\t\t<\/span>\n\t\t<\/div>\n\t\t\t\t\t\t<\/div>\n\t\t\t\t<\/div>\n\t\t<div class=\"elementor-element elementor-element-210c018 e-con-full e-flex e-con e-child\" data-id=\"210c018\" data-element_type=\"container\" data-e-type=\"container\">\n\t\t\t\t<div class=\"elementor-element elementor-element-0a1a836 elementor-widget elementor-widget-text-editor\" data-id=\"0a1a836\" data-element_type=\"widget\" data-e-type=\"widget\" data-widget_type=\"text-editor.default\">\n\t\t\t\t\t\t\t\t\t<h5 class=\"sgl\" title=\"Sans gluten\">Flan<\/h5><p>Avec du dulce de leche ou de la cr\u00e8me.<\/p><h5 class=\"sgl\" title=\"Sans gluten\">Vigilante<\/h5><p>(dessert traditionnel)<br \/>Coing doux, patate douce, fromage frais.<\/p><h5>Tarte au chocolat<\/h5><p>(Argentin traditionnel)<\/p><h5>Cr\u00eape<\/h5><p>Chaude au dulce de leche.<\/p><h5 class=\"sgl\" title=\"Sans gluten\">Glaces<\/h5><p>(cr\u00e8me, vanille, fraise, chocolat, citron, dulce de leche)<\/p><h5 class=\"sgl\" title=\"Sans gluten\">Riz au lait<\/h5><p>Zeste de citron, cannelle.<\/p>\t\t\t\t\t\t\t\t<\/div>\n\t\t\t\t<div class=\"elementor-element elementor-element-a63933d elementor-widget-divider--view-line_icon elementor-widget-divider--element-align-left elementor-view-default elementor-widget elementor-widget-divider\" data-id=\"a63933d\" data-element_type=\"widget\" data-e-type=\"widget\" data-widget_type=\"divider.default\">\n\t\t\t\t\t\t\t<div class=\"elementor-divider\">\n\t\t\t<span class=\"elementor-divider-separator\">\n\t\t\t\t\t\t\t<div class=\"elementor-icon elementor-divider__element\">\n\t\t\t\t\t<i aria-hidden=\"true\" class=\"far fa-dot-circle\"><\/i><\/div>\n\t\t\t\t\t\t<\/span>\n\t\t<\/div>\n\t\t\t\t\t\t<\/div>\n\t\t\t\t<\/div>\n\t\t\t\t\t<\/div>\n\t\t\t\t<\/div>\n\t\t\t\t\t<\/div>\n\t\t\t\t<\/div>\n\t\t\t\t<\/div>\n\t\t","protected":false},"excerpt":{"rendered":"<p>Notre carte Menu \u00e0 la carte en trois \u00e9tapes. Avec plus de 20 plats au choix entre entr\u00e9es chaudes et froides, plats principaux, desserts. Choisissez une entr\u00e9e, un plat principal et un dessert. Entr\u00e9es Froides et chaudes Antipasto argentin Fromage Tybo, gruy\u00e8re, salami, salami, p\u00e2t\u00e9, bondiola, olives, aubergines marin\u00e9es. Salade San Telmo Feuilles vertes, fromages [&hellip;]<\/p>\n","protected":false},"author":1,"featured_media":0,"parent":0,"menu_order":0,"comment_status":"closed","ping_status":"closed","template":"","meta":{"site-sidebar-layout":"no-sidebar","site-content-layout":"page-builder","ast-site-content-layout":"","site-content-style":"default","site-sidebar-style":"default","ast-global-header-display":"","ast-banner-title-visibility":"","ast-main-header-display":"","ast-hfb-above-header-display":"","ast-hfb-below-header-display":"","ast-hfb-mobile-header-display":"","site-post-title":"disabled","ast-breadcrumbs-content":"","ast-featured-img":"disabled","footer-sml-layout":"","theme-transparent-header-meta":"","adv-header-id-meta":"","stick-header-meta":"","header-above-stick-meta":"","header-main-stick-meta":"","header-below-stick-meta":"","astra-migrate-meta-layouts":"default","ast-page-background-enabled":"default","ast-page-background-meta":{"desktop":{"background-color":"var(--ast-global-color-4)","background-image":"","background-repeat":"repeat","background-position":"center center","background-size":"auto","background-attachment":"scroll","background-type":"","background-media":"","overlay-type":"","overlay-color":"","overlay-opacity":"","overlay-gradient":""},"tablet":{"background-color":"","background-image":"","background-repeat":"repeat","background-position":"center center","background-size":"auto","background-attachment":"scroll","background-type":"","background-media":"","overlay-type":"","overlay-color":"","overlay-opacity":"","overlay-gradient":""},"mobile":{"background-color":"","background-image":"","background-repeat":"repeat","background-position":"center center","background-size":"auto","background-attachment":"scroll","background-type":"","background-media":"","overlay-type":"","overlay-color":"","overlay-opacity":"","overlay-gradient":""}},"ast-content-background-meta":{"desktop":{"background-color":"var(--ast-global-color-5)","background-image":"","background-repeat":"repeat","background-position":"center center","background-size":"auto","background-attachment":"scroll","background-type":"","background-media":"","overlay-type":"","overlay-color":"","overlay-opacity":"","overlay-gradient":""},"tablet":{"background-color":"var(--ast-global-color-5)","background-image":"","background-repeat":"repeat","background-position":"center center","background-size":"auto","background-attachment":"scroll","background-type":"","background-media":"","overlay-type":"","overlay-color":"","overlay-opacity":"","overlay-gradient":""},"mobile":{"background-color":"var(--ast-global-color-5)","background-image":"","background-repeat":"repeat","background-position":"center center","background-size":"auto","background-attachment":"scroll","background-type":"","background-media":"","overlay-type":"","overlay-color":"","overlay-opacity":"","overlay-gradient":""}},"footnotes":""},"class_list":["post-12","page","type-page","status-publish","hentry"],"_links":{"self":[{"href":"https:\/\/querandi.com.ar\/menu\/wp-json\/wp\/v2\/pages\/12","targetHints":{"allow":["GET"]}}],"collection":[{"href":"https:\/\/querandi.com.ar\/menu\/wp-json\/wp\/v2\/pages"}],"about":[{"href":"https:\/\/querandi.com.ar\/menu\/wp-json\/wp\/v2\/types\/page"}],"author":[{"embeddable":true,"href":"https:\/\/querandi.com.ar\/menu\/wp-json\/wp\/v2\/users\/1"}],"replies":[{"embeddable":true,"href":"https:\/\/querandi.com.ar\/menu\/wp-json\/wp\/v2\/comments?post=12"}],"version-history":[{"count":182,"href":"https:\/\/querandi.com.ar\/menu\/wp-json\/wp\/v2\/pages\/12\/revisions"}],"predecessor-version":[{"id":1444,"href":"https:\/\/querandi.com.ar\/menu\/wp-json\/wp\/v2\/pages\/12\/revisions\/1444"}],"wp:attachment":[{"href":"https:\/\/querandi.com.ar\/menu\/wp-json\/wp\/v2\/media?parent=12"}],"curies":[{"name":"wp","href":"https:\/\/api.w.org\/{rel}","templated":true}]}}