{"id":9,"date":"2023-04-13T20:44:04","date_gmt":"2023-04-13T20:44:04","guid":{"rendered":"https:\/\/querandi.com.ar\/menu\/?page_id=9"},"modified":"2025-06-11T11:03:25","modified_gmt":"2025-06-11T14:03:25","slug":"espanol","status":"publish","type":"page","link":"https:\/\/querandi.com.ar\/menu\/espanol\/","title":{"rendered":"Espa\u00f1ol"},"content":{"rendered":"\t\t<div data-elementor-type=\"wp-page\" data-elementor-id=\"9\" class=\"elementor elementor-9\" data-elementor-post-type=\"page\">\n\t\t\t\t<section class=\"elementor-element elementor-element-68abbf2 e-flex e-con-boxed e-con e-parent\" data-id=\"68abbf2\" data-element_type=\"container\" data-e-type=\"container\" data-settings=\"{&quot;background_background&quot;:&quot;classic&quot;}\">\n\t\t\t\t\t<div class=\"e-con-inner\">\n\t\t\t\t<div class=\"elementor-element elementor-element-0358984 elementor-widget elementor-widget-image\" data-id=\"0358984\" data-element_type=\"widget\" data-e-type=\"widget\" data-widget_type=\"image.default\">\n\t\t\t\t\t\t\t\t\t\t\t\t\t\t\t\t<a href=\"https:\/\/querandi.com.ar\/menu\/\">\n\t\t\t\t\t\t\t<img fetchpriority=\"high\" decoding=\"async\" width=\"598\" height=\"318\" src=\"https:\/\/querandi.com.ar\/menu\/wp-content\/uploads\/2023\/07\/logo-c.png\" class=\"attachment-full size-full wp-image-1310\" alt=\"\" srcset=\"https:\/\/querandi.com.ar\/menu\/wp-content\/uploads\/2023\/07\/logo-c.png 598w, https:\/\/querandi.com.ar\/menu\/wp-content\/uploads\/2023\/07\/logo-c-300x160.png 300w\" sizes=\"(max-width: 598px) 100vw, 598px\" \/>\t\t\t\t\t\t\t\t<\/a>\n\t\t\t\t\t\t\t\t\t\t\t\t\t\t\t<\/div>\n\t\t\t\t<div class=\"elementor-element elementor-element-2db24b8 elementor-widget-divider--view-line elementor-widget elementor-widget-divider\" data-id=\"2db24b8\" data-element_type=\"widget\" data-e-type=\"widget\" data-widget_type=\"divider.default\">\n\t\t\t\t\t\t\t<div class=\"elementor-divider\">\n\t\t\t<span class=\"elementor-divider-separator\">\n\t\t\t\t\t\t<\/span>\n\t\t<\/div>\n\t\t\t\t\t\t<\/div>\n\t\t\t\t\t<\/div>\n\t\t\t\t<\/section>\n\t\t<div class=\"elementor-element elementor-element-a4b7df7 e-flex e-con-boxed e-con e-parent\" data-id=\"a4b7df7\" data-element_type=\"container\" data-e-type=\"container\">\n\t\t\t\t\t<div class=\"e-con-inner\">\n\t\t<div class=\"elementor-element elementor-element-a5e92e5 e-con-full e-flex e-con e-child\" data-id=\"a5e92e5\" data-element_type=\"container\" data-e-type=\"container\">\n\t\t\t\t<div class=\"elementor-element elementor-element-c02c9fc elementor-widget elementor-widget-heading\" data-id=\"c02c9fc\" data-element_type=\"widget\" data-e-type=\"widget\" data-widget_type=\"heading.default\">\n\t\t\t\t\t<h2 class=\"elementor-heading-title elementor-size-default\">Nuestra carta<\/h2>\t\t\t\t<\/div>\n\t\t\t\t<div class=\"elementor-element elementor-element-67888ac elementor-widget elementor-widget-heading\" data-id=\"67888ac\" data-element_type=\"widget\" data-e-type=\"widget\" data-widget_type=\"heading.default\">\n\t\t\t\t\t<h4 class=\"elementor-heading-title elementor-size-default\">Men\u00fa de tres pasos a la carta. Con m\u00e1s de 25 platos a elecci\u00f3n entre entradas fr\u00edas y calientes, platos principales y postres.<\/h4>\t\t\t\t<\/div>\n\t\t\t\t<div class=\"elementor-element elementor-element-80b096d elementor-widget elementor-widget-heading\" data-id=\"80b096d\" data-element_type=\"widget\" data-e-type=\"widget\" data-widget_type=\"heading.default\">\n\t\t\t\t\t<h4 class=\"elementor-heading-title elementor-size-default\">Elegir una entrada, plato principal y postre.<\/h4>\t\t\t\t<\/div>\n\t\t\t\t<div class=\"elementor-element elementor-element-c0f4dfe elementor-widget-divider--view-line elementor-widget elementor-widget-divider\" data-id=\"c0f4dfe\" data-element_type=\"widget\" data-e-type=\"widget\" data-widget_type=\"divider.default\">\n\t\t\t\t\t\t\t<div class=\"elementor-divider\">\n\t\t\t<span class=\"elementor-divider-separator\">\n\t\t\t\t\t\t<\/span>\n\t\t<\/div>\n\t\t\t\t\t\t<\/div>\n\t\t\t\t<\/div>\n\t\t<div class=\"elementor-element elementor-element-ee8f7a0 e-flex e-con-boxed e-con e-child\" data-id=\"ee8f7a0\" data-element_type=\"container\" data-e-type=\"container\">\n\t\t\t\t\t<div class=\"e-con-inner\">\n\t\t<div class=\"elementor-element elementor-element-176bfc0 e-con-full e-flex e-con e-child\" data-id=\"176bfc0\" data-element_type=\"container\" data-e-type=\"container\">\n\t\t\t\t<div class=\"elementor-element elementor-element-26faed7 elementor-widget elementor-widget-image\" data-id=\"26faed7\" data-element_type=\"widget\" data-e-type=\"widget\" data-widget_type=\"image.default\">\n\t\t\t\t\t\t\t\t\t\t\t\t\t\t\t<img decoding=\"async\" width=\"500\" height=\"500\" src=\"https:\/\/querandi.com.ar\/menu\/wp-content\/uploads\/2023\/07\/entradas.jpg\" class=\"attachment-large size-large wp-image-1302\" alt=\"\" srcset=\"https:\/\/querandi.com.ar\/menu\/wp-content\/uploads\/2023\/07\/entradas.jpg 500w, https:\/\/querandi.com.ar\/menu\/wp-content\/uploads\/2023\/07\/entradas-300x300.jpg 300w, https:\/\/querandi.com.ar\/menu\/wp-content\/uploads\/2023\/07\/entradas-150x150.jpg 150w\" sizes=\"(max-width: 500px) 100vw, 500px\" \/>\t\t\t\t\t\t\t\t\t\t\t\t\t\t\t<\/div>\n\t\t\t\t<div class=\"elementor-element elementor-element-1b773f1 elementor-widget elementor-widget-heading\" data-id=\"1b773f1\" data-element_type=\"widget\" data-e-type=\"widget\" data-widget_type=\"heading.default\">\n\t\t\t\t\t<h2 class=\"elementor-heading-title elementor-size-default\">Entradas<\/h2>\t\t\t\t<\/div>\n\t\t\t\t<div class=\"elementor-element elementor-element-af46c5d elementor-widget elementor-widget-heading\" data-id=\"af46c5d\" data-element_type=\"widget\" data-e-type=\"widget\" data-widget_type=\"heading.default\">\n\t\t\t\t\t<h3 class=\"elementor-heading-title elementor-size-default\">Fr\u00edas y calientes<\/h3>\t\t\t\t<\/div>\n\t\t\t\t<div class=\"elementor-element elementor-element-e7eff19 elementor-widget-divider--view-line_icon elementor-widget-divider--element-align-right elementor-view-default elementor-widget elementor-widget-divider\" data-id=\"e7eff19\" data-element_type=\"widget\" data-e-type=\"widget\" data-widget_type=\"divider.default\">\n\t\t\t\t\t\t\t<div class=\"elementor-divider\">\n\t\t\t<span class=\"elementor-divider-separator\">\n\t\t\t\t\t\t\t<div class=\"elementor-icon elementor-divider__element\">\n\t\t\t\t\t<i aria-hidden=\"true\" class=\"far fa-dot-circle\"><\/i><\/div>\n\t\t\t\t\t\t<\/span>\n\t\t<\/div>\n\t\t\t\t\t\t<\/div>\n\t\t\t\t<\/div>\n\t\t<div class=\"elementor-element elementor-element-2e96026 e-con-full e-flex e-con e-child\" data-id=\"2e96026\" data-element_type=\"container\" data-e-type=\"container\">\n\t\t\t\t<div class=\"elementor-element elementor-element-4e0b19b elementor-widget elementor-widget-text-editor\" data-id=\"4e0b19b\" data-element_type=\"widget\" data-e-type=\"widget\" data-widget_type=\"text-editor.default\">\n\t\t\t\t\t\t\t\t\t<h5>Antipasto argentino<\/h5><p>Queso tybo, gruyere, salame, salam\u00edn, pat\u00e9, bondiola, aceitunas, berenjenas al escabeche.<\/p><h5 class=\"sgl\" title=\"Sin TACC\">Ensalada de San Telmo<\/h5><p>Hojas verdes, quesos argentinos, tomates cherrys confitados, semillas tostadas, aceitunas.<\/p><h5>Empanadas criollas fritas<\/h5><p>Cortadas a cuchillo. De ternera y pollo.<br \/>(tradicional argentino)<\/p><h5 class=\"sgl\" title=\"Sin TACC\">Sopa crema de calabaza<\/h5><h5>Milanesa muzzarella<\/h5><p>En salsa pomodoro.<\/p>\t\t\t\t\t\t\t\t<\/div>\n\t\t\t\t<div class=\"elementor-element elementor-element-5a36234 elementor-widget-divider--view-line_icon elementor-widget-divider--element-align-left elementor-view-default elementor-widget elementor-widget-divider\" data-id=\"5a36234\" data-element_type=\"widget\" data-e-type=\"widget\" data-widget_type=\"divider.default\">\n\t\t\t\t\t\t\t<div class=\"elementor-divider\">\n\t\t\t<span class=\"elementor-divider-separator\">\n\t\t\t\t\t\t\t<div class=\"elementor-icon elementor-divider__element\">\n\t\t\t\t\t<i aria-hidden=\"true\" class=\"far fa-dot-circle\"><\/i><\/div>\n\t\t\t\t\t\t<\/span>\n\t\t<\/div>\n\t\t\t\t\t\t<\/div>\n\t\t\t\t<\/div>\n\t\t\t\t\t<\/div>\n\t\t\t\t<\/div>\n\t\t<div class=\"elementor-element elementor-element-f2088be e-flex e-con-boxed e-con e-child\" data-id=\"f2088be\" data-element_type=\"container\" data-e-type=\"container\">\n\t\t\t\t\t<div class=\"e-con-inner\">\n\t\t<div class=\"elementor-element elementor-element-3772cdf e-con-full e-flex e-con e-child\" data-id=\"3772cdf\" data-element_type=\"container\" data-e-type=\"container\">\n\t\t\t\t<div class=\"elementor-element elementor-element-b8ee07b elementor-widget elementor-widget-image\" data-id=\"b8ee07b\" data-element_type=\"widget\" data-e-type=\"widget\" data-widget_type=\"image.default\">\n\t\t\t\t\t\t\t\t\t\t\t\t\t\t\t<img decoding=\"async\" width=\"500\" height=\"500\" src=\"https:\/\/querandi.com.ar\/menu\/wp-content\/uploads\/2023\/07\/platos.jpg\" class=\"attachment-large size-large wp-image-1303\" alt=\"\" srcset=\"https:\/\/querandi.com.ar\/menu\/wp-content\/uploads\/2023\/07\/platos.jpg 500w, https:\/\/querandi.com.ar\/menu\/wp-content\/uploads\/2023\/07\/platos-300x300.jpg 300w, https:\/\/querandi.com.ar\/menu\/wp-content\/uploads\/2023\/07\/platos-150x150.jpg 150w\" sizes=\"(max-width: 500px) 100vw, 500px\" \/>\t\t\t\t\t\t\t\t\t\t\t\t\t\t\t<\/div>\n\t\t\t\t<div class=\"elementor-element elementor-element-fa68187 elementor-widget elementor-widget-heading\" data-id=\"fa68187\" data-element_type=\"widget\" data-e-type=\"widget\" data-widget_type=\"heading.default\">\n\t\t\t\t\t<h2 class=\"elementor-heading-title elementor-size-default\">PLATOS\nPRINCIPALES<\/h2>\t\t\t\t<\/div>\n\t\t\t\t<div class=\"elementor-element elementor-element-156a984 elementor-widget-divider--view-line_icon elementor-widget-divider--element-align-right elementor-view-default elementor-widget elementor-widget-divider\" data-id=\"156a984\" data-element_type=\"widget\" data-e-type=\"widget\" data-widget_type=\"divider.default\">\n\t\t\t\t\t\t\t<div class=\"elementor-divider\">\n\t\t\t<span class=\"elementor-divider-separator\">\n\t\t\t\t\t\t\t<div class=\"elementor-icon elementor-divider__element\">\n\t\t\t\t\t<i aria-hidden=\"true\" class=\"far fa-dot-circle\"><\/i><\/div>\n\t\t\t\t\t\t<\/span>\n\t\t<\/div>\n\t\t\t\t\t\t<\/div>\n\t\t\t\t<\/div>\n\t\t<div class=\"elementor-element elementor-element-dbe3d6f e-con-full e-flex e-con e-child\" data-id=\"dbe3d6f\" data-element_type=\"container\" data-e-type=\"container\">\n\t\t\t\t<div class=\"elementor-element elementor-element-e78de33 elementor-widget elementor-widget-text-editor\" data-id=\"e78de33\" data-element_type=\"widget\" data-e-type=\"widget\" data-widget_type=\"text-editor.default\">\n\t\t\t\t\t\t\t\t\t<h4>Pastas y risottos<\/h4><h5>Creppes de espinaca en salsa champignon<\/h5><p>A la crema.<\/p><h5 class=\"sgl\" title=\"Sin TACC\">Risotto de hongos<\/h5><p>Arroz carnaroli, queso parmesano, hongos, crema, manteca.<\/p><h4>Pescados<\/h4><h5 class=\"sgl\" title=\"Sin TACC\">Pesca argentina con limones asados<\/h5><p>Con crocantes de vegetales.<\/p><h4>Aves<\/h4><h5 class=\"sgl\" title=\"Sin TACC\">Pechuga de pollo al dijon<\/h5><p>Con cremoso de papas.<\/p><h4>Carnes<\/h4><h5>Novillo<\/h5><p>(cocinado en horno josper)<\/p><h5 class=\"sgl\" title=\"Sin TACC\">Tradicional bife de chorizo criollo<\/h5><p>Con rescoldo de vegetales.<br \/>(tradicional argentino)<\/p><h5>Chorip\u00e1n<\/h5><p>Con papas fritas.<br \/>(Tradicional argentino)<\/p><h5 class=\"sgl\" title=\"Sin TACC\">T\u00edpico pastel de papas argentino<\/h5><p>Papa, lomo y champi\u00f1ones, parmesano, cebolla y morr\u00f3n.<br \/>(Tradicional argentino)<\/p><h5>Cordero y cerdo<\/h5><p>(cocinado en horno josper)<\/p><h5 class=\"sgl\" title=\"Sin TACC\">Cazuela patag\u00f3nica de cordero y hongos<\/h5><p>Tomates, zanahorias, berenjenas, cebollas, morr\u00f3n y papas espa\u00f1olas.<br \/>(Tradicional argentino)<\/p><h5 class=\"sgl\" title=\"Sin TACC\">Matambrito al verdeo<\/h5><p>Con crema, verdeo, arroz pilaf.<\/p>\t\t\t\t\t\t\t\t<\/div>\n\t\t\t\t<div class=\"elementor-element elementor-element-c5fa9b5 elementor-widget-divider--view-line_icon elementor-widget-divider--element-align-left elementor-view-default elementor-widget elementor-widget-divider\" data-id=\"c5fa9b5\" data-element_type=\"widget\" data-e-type=\"widget\" data-widget_type=\"divider.default\">\n\t\t\t\t\t\t\t<div class=\"elementor-divider\">\n\t\t\t<span class=\"elementor-divider-separator\">\n\t\t\t\t\t\t\t<div class=\"elementor-icon elementor-divider__element\">\n\t\t\t\t\t<i aria-hidden=\"true\" class=\"far fa-dot-circle\"><\/i><\/div>\n\t\t\t\t\t\t<\/span>\n\t\t<\/div>\n\t\t\t\t\t\t<\/div>\n\t\t\t\t<\/div>\n\t\t\t\t\t<\/div>\n\t\t\t\t<\/div>\n\t\t<div class=\"elementor-element elementor-element-472243d e-flex e-con-boxed e-con e-child\" data-id=\"472243d\" data-element_type=\"container\" data-e-type=\"container\">\n\t\t\t\t\t<div class=\"e-con-inner\">\n\t\t<div class=\"elementor-element elementor-element-5be7306 e-con-full e-flex e-con e-child\" data-id=\"5be7306\" data-element_type=\"container\" data-e-type=\"container\">\n\t\t\t\t<div class=\"elementor-element elementor-element-2469a7d elementor-widget elementor-widget-image\" data-id=\"2469a7d\" data-element_type=\"widget\" data-e-type=\"widget\" data-widget_type=\"image.default\">\n\t\t\t\t\t\t\t\t\t\t\t\t\t\t\t<img loading=\"lazy\" decoding=\"async\" width=\"500\" height=\"500\" src=\"https:\/\/querandi.com.ar\/menu\/wp-content\/uploads\/2023\/07\/postres.jpg\" class=\"attachment-large size-large wp-image-1304\" alt=\"\" srcset=\"https:\/\/querandi.com.ar\/menu\/wp-content\/uploads\/2023\/07\/postres.jpg 500w, https:\/\/querandi.com.ar\/menu\/wp-content\/uploads\/2023\/07\/postres-300x300.jpg 300w, https:\/\/querandi.com.ar\/menu\/wp-content\/uploads\/2023\/07\/postres-150x150.jpg 150w\" sizes=\"(max-width: 500px) 100vw, 500px\" \/>\t\t\t\t\t\t\t\t\t\t\t\t\t\t\t<\/div>\n\t\t\t\t<div class=\"elementor-element elementor-element-80bafd9 elementor-widget elementor-widget-heading\" data-id=\"80bafd9\" data-element_type=\"widget\" data-e-type=\"widget\" data-widget_type=\"heading.default\">\n\t\t\t\t\t<h2 class=\"elementor-heading-title elementor-size-default\">Postres<\/h2>\t\t\t\t<\/div>\n\t\t\t\t<div class=\"elementor-element elementor-element-854aab3 elementor-widget-divider--view-line_icon elementor-widget-divider--element-align-right elementor-view-default elementor-widget elementor-widget-divider\" data-id=\"854aab3\" data-element_type=\"widget\" data-e-type=\"widget\" data-widget_type=\"divider.default\">\n\t\t\t\t\t\t\t<div class=\"elementor-divider\">\n\t\t\t<span class=\"elementor-divider-separator\">\n\t\t\t\t\t\t\t<div class=\"elementor-icon elementor-divider__element\">\n\t\t\t\t\t<i aria-hidden=\"true\" class=\"far fa-dot-circle\"><\/i><\/div>\n\t\t\t\t\t\t<\/span>\n\t\t<\/div>\n\t\t\t\t\t\t<\/div>\n\t\t\t\t<\/div>\n\t\t<div class=\"elementor-element elementor-element-52f125a e-con-full e-flex e-con e-child\" data-id=\"52f125a\" data-element_type=\"container\" data-e-type=\"container\">\n\t\t\t\t<div class=\"elementor-element elementor-element-26ed6e8 elementor-widget elementor-widget-text-editor\" data-id=\"26ed6e8\" data-element_type=\"widget\" data-e-type=\"widget\" data-widget_type=\"text-editor.default\">\n\t\t\t\t\t\t\t\t\t<h5 class=\"sgl\" title=\"Sin TACC\">Flan<\/h5><p>Con dulce de leche o crema.<\/p><h5 class=\"sgl\" title=\"Sin TACC\">Tradicional postre vigilante<\/h5><p>Dulce de membrillo, dulce de batata, queso cremoso.<br \/>(tradicional argentino)<\/p><h5>Chocotorta<\/h5><h5>Panqueque de dulce de leche caliente<\/h5><h5 class=\"sgl\" title=\"Sin TACC\">Cremas heladas<\/h5><p>(crema, vainilla, frutilla, chocolate, lim\u00f3n,dulce de leche)<\/p><h5 class=\"sgl\" title=\"Sin TACC\">Arroz con leche<\/h5><p>Ralladura de lim\u00f3n, canela.<br \/>(tradicional argentino)<\/p>\t\t\t\t\t\t\t\t<\/div>\n\t\t\t\t<div class=\"elementor-element elementor-element-ada3b19 elementor-widget-divider--view-line_icon elementor-widget-divider--element-align-left elementor-view-default elementor-widget elementor-widget-divider\" data-id=\"ada3b19\" data-element_type=\"widget\" data-e-type=\"widget\" data-widget_type=\"divider.default\">\n\t\t\t\t\t\t\t<div class=\"elementor-divider\">\n\t\t\t<span class=\"elementor-divider-separator\">\n\t\t\t\t\t\t\t<div class=\"elementor-icon elementor-divider__element\">\n\t\t\t\t\t<i aria-hidden=\"true\" class=\"far fa-dot-circle\"><\/i><\/div>\n\t\t\t\t\t\t<\/span>\n\t\t<\/div>\n\t\t\t\t\t\t<\/div>\n\t\t\t\t<\/div>\n\t\t\t\t\t<\/div>\n\t\t\t\t<\/div>\n\t\t\t\t\t<\/div>\n\t\t\t\t<\/div>\n\t\t\t\t<\/div>\n\t\t","protected":false},"excerpt":{"rendered":"<p>Nuestra carta Men\u00fa de tres pasos a la carta. Con m\u00e1s de 25 platos a elecci\u00f3n entre entradas fr\u00edas y calientes, platos principales y postres. Elegir una entrada, plato principal y postre. Entradas Fr\u00edas y calientes Antipasto argentino Queso tybo, gruyere, salame, salam\u00edn, pat\u00e9, bondiola, aceitunas, berenjenas al escabeche. Ensalada de San Telmo Hojas verdes, [&hellip;]<\/p>\n","protected":false},"author":1,"featured_media":0,"parent":0,"menu_order":0,"comment_status":"closed","ping_status":"closed","template":"","meta":{"site-sidebar-layout":"no-sidebar","site-content-layout":"page-builder","ast-site-content-layout":"","site-content-style":"default","site-sidebar-style":"default","ast-global-header-display":"","ast-banner-title-visibility":"","ast-main-header-display":"","ast-hfb-above-header-display":"","ast-hfb-below-header-display":"","ast-hfb-mobile-header-display":"","site-post-title":"disabled","ast-breadcrumbs-content":"","ast-featured-img":"disabled","footer-sml-layout":"","theme-transparent-header-meta":"","adv-header-id-meta":"","stick-header-meta":"","header-above-stick-meta":"","header-main-stick-meta":"","header-below-stick-meta":"","astra-migrate-meta-layouts":"default","ast-page-background-enabled":"default","ast-page-background-meta":{"desktop":{"background-color":"var(--ast-global-color-4)","background-image":"","background-repeat":"repeat","background-position":"center center","background-size":"auto","background-attachment":"scroll","background-type":"","background-media":"","overlay-type":"","overlay-color":"","overlay-opacity":"","overlay-gradient":""},"tablet":{"background-color":"","background-image":"","background-repeat":"repeat","background-position":"center center","background-size":"auto","background-attachment":"scroll","background-type":"","background-media":"","overlay-type":"","overlay-color":"","overlay-opacity":"","overlay-gradient":""},"mobile":{"background-color":"","background-image":"","background-repeat":"repeat","background-position":"center center","background-size":"auto","background-attachment":"scroll","background-type":"","background-media":"","overlay-type":"","overlay-color":"","overlay-opacity":"","overlay-gradient":""}},"ast-content-background-meta":{"desktop":{"background-color":"var(--ast-global-color-5)","background-image":"","background-repeat":"repeat","background-position":"center center","background-size":"auto","background-attachment":"scroll","background-type":"","background-media":"","overlay-type":"","overlay-color":"","overlay-opacity":"","overlay-gradient":""},"tablet":{"background-color":"var(--ast-global-color-5)","background-image":"","background-repeat":"repeat","background-position":"center center","background-size":"auto","background-attachment":"scroll","background-type":"","background-media":"","overlay-type":"","overlay-color":"","overlay-opacity":"","overlay-gradient":""},"mobile":{"background-color":"var(--ast-global-color-5)","background-image":"","background-repeat":"repeat","background-position":"center center","background-size":"auto","background-attachment":"scroll","background-type":"","background-media":"","overlay-type":"","overlay-color":"","overlay-opacity":"","overlay-gradient":""}},"footnotes":""},"class_list":["post-9","page","type-page","status-publish","hentry"],"_links":{"self":[{"href":"https:\/\/querandi.com.ar\/menu\/wp-json\/wp\/v2\/pages\/9","targetHints":{"allow":["GET"]}}],"collection":[{"href":"https:\/\/querandi.com.ar\/menu\/wp-json\/wp\/v2\/pages"}],"about":[{"href":"https:\/\/querandi.com.ar\/menu\/wp-json\/wp\/v2\/types\/page"}],"author":[{"embeddable":true,"href":"https:\/\/querandi.com.ar\/menu\/wp-json\/wp\/v2\/users\/1"}],"replies":[{"embeddable":true,"href":"https:\/\/querandi.com.ar\/menu\/wp-json\/wp\/v2\/comments?post=9"}],"version-history":[{"count":280,"href":"https:\/\/querandi.com.ar\/menu\/wp-json\/wp\/v2\/pages\/9\/revisions"}],"predecessor-version":[{"id":1418,"href":"https:\/\/querandi.com.ar\/menu\/wp-json\/wp\/v2\/pages\/9\/revisions\/1418"}],"wp:attachment":[{"href":"https:\/\/querandi.com.ar\/menu\/wp-json\/wp\/v2\/media?parent=9"}],"curies":[{"name":"wp","href":"https:\/\/api.w.org\/{rel}","templated":true}]}}